{"id":13,"date":"2024-11-06T10:53:54","date_gmt":"2024-11-06T08:53:54","guid":{"rendered":"https:\/\/vuosikertomus.kymenlaaksonjate.fi\/2024\/?page_id=13"},"modified":"2025-04-17T21:45:23","modified_gmt":"2025-04-17T18:45:23","slug":"tilinpaatos","status":"publish","type":"page","link":"https:\/\/vuosikertomus.kymenlaaksonjate.fi\/2024\/tilinpaatos\/","title":{"rendered":"Tilinp\u00e4\u00e4t\u00f6s"},"content":{"rendered":"\n<section class=\"block block-hero\">\n\t<div class=\"hero-wrap\">\n\t\t\t\t\t<div class=\"image-container background-container\">\n\t\t\t\t<img decoding=\"async\" width=\"1920\" height=\"1080\" src=\"https:\/\/vuosikertomus.kymenlaaksonjate.fi\/2024\/wp-content\/uploads\/sites\/2\/2025\/02\/Jateauto_Lassila_ja_Tikanoja-1920x1080.jpg\" class=\"img\" alt=\"\" fetchpriority=\"high\" srcset=\"https:\/\/vuosikertomus.kymenlaaksonjate.fi\/2024\/wp-content\/uploads\/sites\/2\/2025\/02\/Jateauto_Lassila_ja_Tikanoja-1920x1080.jpg 1920w, https:\/\/vuosikertomus.kymenlaaksonjate.fi\/2024\/wp-content\/uploads\/sites\/2\/2025\/02\/Jateauto_Lassila_ja_Tikanoja-1440x810.jpg 1440w, https:\/\/vuosikertomus.kymenlaaksonjate.fi\/2024\/wp-content\/uploads\/sites\/2\/2025\/02\/Jateauto_Lassila_ja_Tikanoja-1024x576.jpg 1024w, https:\/\/vuosikertomus.kymenlaaksonjate.fi\/2024\/wp-content\/uploads\/sites\/2\/2025\/02\/Jateauto_Lassila_ja_Tikanoja-768x432.jpg 768w, https:\/\/vuosikertomus.kymenlaaksonjate.fi\/2024\/wp-content\/uploads\/sites\/2\/2025\/02\/Jateauto_Lassila_ja_Tikanoja-576x324.jpg 576w\" sizes=\"(max-width: 1920px) 100vw, 1920px\" \/>\n\t\t\t\t\t\t\t<\/div>\n\t\t\t\n\t\t<div class=\"title-wrap\">\n\t\t\t<h1 class=\"title h1\">\n\t\t\t\tTilinp\u00e4\u00e4t\u00f6s\t\t\t<\/h1>\n\t\t<\/div>\n\t<\/div>\n\t<\/section>\n\n\n\n<section class=\"block block-banner layout-right theme-light has-media\">\n\t\n\t<div class=\"container\">\n\t\t\t<div class=\"part-block-media image-container media-container \">\n\t\t<div class=\"media-wrap\">\n\t\t\t<img loading=\"lazy\" decoding=\"async\" width=\"1024\" height=\"768\" src=\"https:\/\/vuosikertomus.kymenlaaksonjate.fi\/2024\/wp-content\/uploads\/sites\/2\/2025\/02\/Jumalniemen-jateasema2-1024x768.jpg\" class=\"img\" alt=\"\" srcset=\"https:\/\/vuosikertomus.kymenlaaksonjate.fi\/2024\/wp-content\/uploads\/sites\/2\/2025\/02\/Jumalniemen-jateasema2-1024x768.jpg 1024w, https:\/\/vuosikertomus.kymenlaaksonjate.fi\/2024\/wp-content\/uploads\/sites\/2\/2025\/02\/Jumalniemen-jateasema2-1440x1080.jpg 1440w, https:\/\/vuosikertomus.kymenlaaksonjate.fi\/2024\/wp-content\/uploads\/sites\/2\/2025\/02\/Jumalniemen-jateasema2-1280x960.jpg 1280w, https:\/\/vuosikertomus.kymenlaaksonjate.fi\/2024\/wp-content\/uploads\/sites\/2\/2025\/02\/Jumalniemen-jateasema2-768x576.jpg 768w, https:\/\/vuosikertomus.kymenlaaksonjate.fi\/2024\/wp-content\/uploads\/sites\/2\/2025\/02\/Jumalniemen-jateasema2-468x351.jpg 468w, https:\/\/vuosikertomus.kymenlaaksonjate.fi\/2024\/wp-content\/uploads\/sites\/2\/2025\/02\/Jumalniemen-jateasema2-352x264.jpg 352w\" sizes=\"(max-width: 1024px) 100vw, 1024px\" \/>\t\t<\/div>\n\t<\/div>\n\t\n\t\t<div class=\"content\">\n\t\t\t\t\t\t\t<p class=\"small-title\">Tilinp\u00e4\u00e4t\u00f6s<\/p>\n\t\t\t\n\t\t\t<h2 class=\"title h2\">Tutustu liike\u00adtoimintamme avainlukuihin<\/h2>\n\t\t\t\t\t\t\t<div class=\"content-wysiwyg\">\n\t\t\t\t\t<p>Konsernimme vuoden 2024 liikevaihto oli 22,86 miljoonaa euroa, ja nettoinvestointimme ylsiv\u00e4t 2,95 miljoonaan euroon. Merkitt\u00e4vimm\u00e4t investointimme olivat uusien j\u00e4teastioiden hankinnat sek\u00e4 Keltakankaan lajittelulaitoksen teknologian uusiminen.<\/p>\n\t\t\t\t<\/div>\n\t\t\t\t\t\t<\/div>\n\t\t\t\t\t<ul class=\"banner-link-items banner-link-items-columns-3\">\n\t\t\t\t\t\t\t\t\t<li class=\"banner-link-item\">\n\t\t\t\t\t\t<a href=\"https:\/\/vuosikertomus.kymenlaaksonjate.fi\/2024\/tilinpaatos\/hallituksen-toimintakertomus\/\" class=\"banner-link\" target=\"_self\"><span class=\"banner-link-inner\">\n\t\t\t\t\t\t\t\t<span class=\"banner-link-text\">Hallituksen toiminta\u00adkertomus<\/span>\n\t\t\t\t\t\t\t\t<span class=\"icon fa-light fa-arrow-right\" aria-hidden=\"true\"><\/span>\n\t\t\t\t\t\t\t<\/span><\/a>\t\t\t\t\t<\/li>\n\t\t\t\t\t\t\t\t\t<li class=\"banner-link-item\">\n\t\t\t\t\t\t<a href=\"https:\/\/vuosikertomus.kymenlaaksonjate.fi\/2024\/tilinpaatos\/tilinpaatostiedot\/\" class=\"banner-link\" target=\"_self\"><span class=\"banner-link-inner\">\n\t\t\t\t\t\t\t\t<span class=\"banner-link-text\">Tilinp\u00e4\u00e4t\u00f6s\u00adtiedot<\/span>\n\t\t\t\t\t\t\t\t<span class=\"icon fa-light fa-arrow-right\" aria-hidden=\"true\"><\/span>\n\t\t\t\t\t\t\t<\/span><\/a>\t\t\t\t\t<\/li>\n\t\t\t\t\t\t\t\t\t<li class=\"banner-link-item\">\n\t\t\t\t\t\t<a href=\"https:\/\/vuosikertomus.kymenlaaksonjate.fi\/2024\/tilinpaatos\/tilintarkastuskertomus\/\" class=\"banner-link\" target=\"_self\"><span class=\"banner-link-inner\">\n\t\t\t\t\t\t\t\t<span class=\"banner-link-text\">Tilintarkastus\u00adkertomus<\/span>\n\t\t\t\t\t\t\t\t<span class=\"icon fa-light fa-arrow-right\" aria-hidden=\"true\"><\/span>\n\t\t\t\t\t\t\t<\/span><\/a>\t\t\t\t\t<\/li>\n\t\t\t\t\t\t\t<\/ul>\n\t\t\t<\/div>\n<\/section>\n\n\n\n<section class=\"block block-banner layout-full theme-accent has-media\">\n\t\t<div class=\"part-block-media image-container media-container has-overlay\">\n\t\t<div class=\"media-wrap\">\n\t\t\t<img loading=\"lazy\" decoding=\"async\" width=\"1920\" height=\"1080\" src=\"https:\/\/vuosikertomus.kymenlaaksonjate.fi\/2024\/wp-content\/uploads\/sites\/2\/2025\/02\/Jateauto_Parkkinen2-1920x1080.jpg\" class=\"img\" alt=\"\" srcset=\"https:\/\/vuosikertomus.kymenlaaksonjate.fi\/2024\/wp-content\/uploads\/sites\/2\/2025\/02\/Jateauto_Parkkinen2-1920x1080.jpg 1920w, https:\/\/vuosikertomus.kymenlaaksonjate.fi\/2024\/wp-content\/uploads\/sites\/2\/2025\/02\/Jateauto_Parkkinen2-300x169.jpg 300w, https:\/\/vuosikertomus.kymenlaaksonjate.fi\/2024\/wp-content\/uploads\/sites\/2\/2025\/02\/Jateauto_Parkkinen2-1024x576.jpg 1024w, https:\/\/vuosikertomus.kymenlaaksonjate.fi\/2024\/wp-content\/uploads\/sites\/2\/2025\/02\/Jateauto_Parkkinen2-768x432.jpg 768w, https:\/\/vuosikertomus.kymenlaaksonjate.fi\/2024\/wp-content\/uploads\/sites\/2\/2025\/02\/Jateauto_Parkkinen2-1536x864.jpg 1536w, https:\/\/vuosikertomus.kymenlaaksonjate.fi\/2024\/wp-content\/uploads\/sites\/2\/2025\/02\/Jateauto_Parkkinen2-1440x810.jpg 1440w, https:\/\/vuosikertomus.kymenlaaksonjate.fi\/2024\/wp-content\/uploads\/sites\/2\/2025\/02\/Jateauto_Parkkinen2-576x324.jpg 576w\" sizes=\"(max-width: 1920px) 100vw, 1920px\" \/>\t\t<\/div>\n\t<\/div>\n\t\n\t<div class=\"container\">\n\t\t\n\t\t<div class=\"content\">\n\t\t\t\t\t\t\t<p class=\"small-title\">Liiketoiminta<\/p>\n\t\t\t\n\t\t\t<h2 class=\"title h1\">Tehokkaampaa bioj\u00e4teker\u00e4yst\u00e4 ja investointeja toimipisteisiin<\/h2>\n\t\t\t\t\t\t\t<div class=\"content-wysiwyg\">\n\t\t\t\t\t<p>Vuonna 2024 keskityimme kotitalouksien bioj\u00e4teker\u00e4yksen tehostamiseen sek\u00e4 Pertunmaan j\u00e4te- ja lietekuljetusten valmisteluun. Lis\u00e4ksi tyt\u00e4ryhti\u00f6mme Ekokaari uudisti Keltakankaan lajittelulaitosta ja avasi uuden toimipisteen Lappeenrannassa.<\/p>\n\t\t\t\t<\/div>\n\t\t\t\t\n\t<ul class=\"buttons\">\n\t\t\t\t\t<li class=\"button-item\">\n\t\t\t\t<a href=\"https:\/\/vuosikertomus.kymenlaaksonjate.fi\/2024\/liiketoiminta\/\" class=\"button \" target=\"_self\">Lue lis\u00e4\u00e4 liiketoiminnastamme<span class=\"icon fa-light fa-arrow-right\" aria-hidden=\"true\"><\/span><\/a>\t\t\t<\/li>\n\t\t\t<\/ul>\n\t\t\t<\/div>\n\t\t\t<\/div>\n<\/section>\n","protected":false},"excerpt":{"rendered":"","protected":false},"author":1,"featured_media":0,"parent":0,"menu_order":0,"comment_status":"closed","ping_status":"closed","template":"","meta":{"_acf_changed":false,"footnotes":""},"class_list":["post-13","page","type-page","status-publish","hentry"],"acf":[],"yoast_head":"<!-- This site is optimized with the Yoast SEO plugin v27.5 - https:\/\/yoast.com\/product\/yoast-seo-wordpress\/ -->\n<title>Tilinp\u00e4\u00e4t\u00f6s - Kymenlaakson J\u00e4te vuosikertomus 2024<\/title>\n<meta name=\"robots\" content=\"index, follow, max-snippet:-1, max-image-preview:large, max-video-preview:-1\" \/>\n<link rel=\"canonical\" href=\"https:\/\/vuosikertomus.kymenlaaksonjate.fi\/2024\/tilinpaatos\/\" \/>\n<meta property=\"og:locale\" content=\"fi_FI\" \/>\n<meta property=\"og:type\" content=\"article\" \/>\n<meta property=\"og:title\" content=\"Tilinp\u00e4\u00e4t\u00f6s - Kymenlaakson J\u00e4te vuosikertomus 2024\" \/>\n<meta property=\"og:url\" content=\"https:\/\/vuosikertomus.kymenlaaksonjate.fi\/2024\/tilinpaatos\/\" \/>\n<meta property=\"og:site_name\" content=\"Kymenlaakson J\u00e4te vuosikertomus 2024\" \/>\n<meta property=\"article:modified_time\" content=\"2025-04-17T18:45:23+00:00\" \/>\n<meta name=\"twitter:card\" content=\"summary_large_image\" \/>\n<script type=\"application\/ld+json\" class=\"yoast-schema-graph\">{\"@context\":\"https:\\\/\\\/schema.org\",\"@graph\":[{\"@type\":\"WebPage\",\"@id\":\"https:\\\/\\\/vuosikertomus.kymenlaaksonjate.fi\\\/2024\\\/tilinpaatos\\\/\",\"url\":\"https:\\\/\\\/vuosikertomus.kymenlaaksonjate.fi\\\/2024\\\/tilinpaatos\\\/\",\"name\":\"Tilinp\u00e4\u00e4t\u00f6s - Kymenlaakson J\u00e4te vuosikertomus 2024\",\"isPartOf\":{\"@id\":\"https:\\\/\\\/vuosikertomus.kymenlaaksonjate.fi\\\/2024\\\/#website\"},\"datePublished\":\"2024-11-06T08:53:54+00:00\",\"dateModified\":\"2025-04-17T18:45:23+00:00\",\"breadcrumb\":{\"@id\":\"https:\\\/\\\/vuosikertomus.kymenlaaksonjate.fi\\\/2024\\\/tilinpaatos\\\/#breadcrumb\"},\"inLanguage\":\"fi\",\"potentialAction\":[{\"@type\":\"ReadAction\",\"target\":[\"https:\\\/\\\/vuosikertomus.kymenlaaksonjate.fi\\\/2024\\\/tilinpaatos\\\/\"]}]},{\"@type\":\"BreadcrumbList\",\"@id\":\"https:\\\/\\\/vuosikertomus.kymenlaaksonjate.fi\\\/2024\\\/tilinpaatos\\\/#breadcrumb\",\"itemListElement\":[{\"@type\":\"ListItem\",\"position\":1,\"name\":\"Home\",\"item\":\"https:\\\/\\\/vuosikertomus.kymenlaaksonjate.fi\\\/2024\\\/\"},{\"@type\":\"ListItem\",\"position\":2,\"name\":\"Tilinp\u00e4\u00e4t\u00f6s\"}]},{\"@type\":\"WebSite\",\"@id\":\"https:\\\/\\\/vuosikertomus.kymenlaaksonjate.fi\\\/2024\\\/#website\",\"url\":\"https:\\\/\\\/vuosikertomus.kymenlaaksonjate.fi\\\/2024\\\/\",\"name\":\"Kymenlaakson J\u00e4te vuosikertomus 2024\",\"description\":\"\",\"potentialAction\":[{\"@type\":\"SearchAction\",\"target\":{\"@type\":\"EntryPoint\",\"urlTemplate\":\"https:\\\/\\\/vuosikertomus.kymenlaaksonjate.fi\\\/2024\\\/?s={search_term_string}\"},\"query-input\":{\"@type\":\"PropertyValueSpecification\",\"valueRequired\":true,\"valueName\":\"search_term_string\"}}],\"inLanguage\":\"fi\"}]}<\/script>\n<!-- \/ Yoast SEO plugin. -->","yoast_head_json":{"title":"Tilinp\u00e4\u00e4t\u00f6s - Kymenlaakson J\u00e4te vuosikertomus 2024","robots":{"index":"index","follow":"follow","max-snippet":"max-snippet:-1","max-image-preview":"max-image-preview:large","max-video-preview":"max-video-preview:-1"},"canonical":"https:\/\/vuosikertomus.kymenlaaksonjate.fi\/2024\/tilinpaatos\/","og_locale":"fi_FI","og_type":"article","og_title":"Tilinp\u00e4\u00e4t\u00f6s - Kymenlaakson J\u00e4te vuosikertomus 2024","og_url":"https:\/\/vuosikertomus.kymenlaaksonjate.fi\/2024\/tilinpaatos\/","og_site_name":"Kymenlaakson J\u00e4te vuosikertomus 2024","article_modified_time":"2025-04-17T18:45:23+00:00","twitter_card":"summary_large_image","schema":{"@context":"https:\/\/schema.org","@graph":[{"@type":"WebPage","@id":"https:\/\/vuosikertomus.kymenlaaksonjate.fi\/2024\/tilinpaatos\/","url":"https:\/\/vuosikertomus.kymenlaaksonjate.fi\/2024\/tilinpaatos\/","name":"Tilinp\u00e4\u00e4t\u00f6s - Kymenlaakson J\u00e4te vuosikertomus 2024","isPartOf":{"@id":"https:\/\/vuosikertomus.kymenlaaksonjate.fi\/2024\/#website"},"datePublished":"2024-11-06T08:53:54+00:00","dateModified":"2025-04-17T18:45:23+00:00","breadcrumb":{"@id":"https:\/\/vuosikertomus.kymenlaaksonjate.fi\/2024\/tilinpaatos\/#breadcrumb"},"inLanguage":"fi","potentialAction":[{"@type":"ReadAction","target":["https:\/\/vuosikertomus.kymenlaaksonjate.fi\/2024\/tilinpaatos\/"]}]},{"@type":"BreadcrumbList","@id":"https:\/\/vuosikertomus.kymenlaaksonjate.fi\/2024\/tilinpaatos\/#breadcrumb","itemListElement":[{"@type":"ListItem","position":1,"name":"Home","item":"https:\/\/vuosikertomus.kymenlaaksonjate.fi\/2024\/"},{"@type":"ListItem","position":2,"name":"Tilinp\u00e4\u00e4t\u00f6s"}]},{"@type":"WebSite","@id":"https:\/\/vuosikertomus.kymenlaaksonjate.fi\/2024\/#website","url":"https:\/\/vuosikertomus.kymenlaaksonjate.fi\/2024\/","name":"Kymenlaakson J\u00e4te vuosikertomus 2024","description":"","potentialAction":[{"@type":"SearchAction","target":{"@type":"EntryPoint","urlTemplate":"https:\/\/vuosikertomus.kymenlaaksonjate.fi\/2024\/?s={search_term_string}"},"query-input":{"@type":"PropertyValueSpecification","valueRequired":true,"valueName":"search_term_string"}}],"inLanguage":"fi"}]}},"_links":{"self":[{"href":"https:\/\/vuosikertomus.kymenlaaksonjate.fi\/2024\/wp-json\/wp\/v2\/pages\/13","targetHints":{"allow":["GET"]}}],"collection":[{"href":"https:\/\/vuosikertomus.kymenlaaksonjate.fi\/2024\/wp-json\/wp\/v2\/pages"}],"about":[{"href":"https:\/\/vuosikertomus.kymenlaaksonjate.fi\/2024\/wp-json\/wp\/v2\/types\/page"}],"author":[{"embeddable":true,"href":"https:\/\/vuosikertomus.kymenlaaksonjate.fi\/2024\/wp-json\/wp\/v2\/users\/1"}],"replies":[{"embeddable":true,"href":"https:\/\/vuosikertomus.kymenlaaksonjate.fi\/2024\/wp-json\/wp\/v2\/comments?post=13"}],"version-history":[{"count":26,"href":"https:\/\/vuosikertomus.kymenlaaksonjate.fi\/2024\/wp-json\/wp\/v2\/pages\/13\/revisions"}],"predecessor-version":[{"id":1205,"href":"https:\/\/vuosikertomus.kymenlaaksonjate.fi\/2024\/wp-json\/wp\/v2\/pages\/13\/revisions\/1205"}],"wp:attachment":[{"href":"https:\/\/vuosikertomus.kymenlaaksonjate.fi\/2024\/wp-json\/wp\/v2\/media?parent=13"}],"curies":[{"name":"wp","href":"https:\/\/api.w.org\/{rel}","templated":true}]}}