{"id":328,"date":"2025-02-25T15:17:22","date_gmt":"2025-02-25T13:17:22","guid":{"rendered":"https:\/\/vuosikertomus.kymenlaaksonjate.fi\/2024\/?page_id=328"},"modified":"2025-05-06T18:59:34","modified_gmt":"2025-05-06T15:59:34","slug":"johtaminen","status":"publish","type":"page","link":"https:\/\/vuosikertomus.kymenlaaksonjate.fi\/2024\/konserni\/johtaminen\/","title":{"rendered":"Johtaminen"},"content":{"rendered":"\n<section class=\"block block-hero\">\n\t<div class=\"hero-wrap\">\n\t\t\t\t\t<div class=\"image-container background-container\">\n\t\t\t\t<img decoding=\"async\" width=\"1417\" height=\"668\" src=\"https:\/\/vuosikertomus.kymenlaaksonjate.fi\/2024\/wp-content\/uploads\/sites\/2\/2025\/02\/Virpi_ja_Essi_TTT-sertifikaatti-1.jpg\" class=\"img\" alt=\"\" fetchpriority=\"high\" srcset=\"https:\/\/vuosikertomus.kymenlaaksonjate.fi\/2024\/wp-content\/uploads\/sites\/2\/2025\/02\/Virpi_ja_Essi_TTT-sertifikaatti-1.jpg 1417w, https:\/\/vuosikertomus.kymenlaaksonjate.fi\/2024\/wp-content\/uploads\/sites\/2\/2025\/02\/Virpi_ja_Essi_TTT-sertifikaatti-1-300x141.jpg 300w, https:\/\/vuosikertomus.kymenlaaksonjate.fi\/2024\/wp-content\/uploads\/sites\/2\/2025\/02\/Virpi_ja_Essi_TTT-sertifikaatti-1-1024x483.jpg 1024w, https:\/\/vuosikertomus.kymenlaaksonjate.fi\/2024\/wp-content\/uploads\/sites\/2\/2025\/02\/Virpi_ja_Essi_TTT-sertifikaatti-1-768x362.jpg 768w\" sizes=\"(max-width: 1417px) 100vw, 1417px\" \/>\n\t\t\t\t\t\t\t<\/div>\n\t\t\t\n\t\t<div class=\"title-wrap\">\n\t\t\t<h1 class=\"title h1\">\n\t\t\t\tJohtaminen\t\t\t<\/h1>\n\t\t<\/div>\n\t<\/div>\n\t<\/section>\n\n\n\n<section class=\"block block-columns theme-white\">\n\t<div class=\"container\">\n\t\t\n\t\t\t\t\t<div class=\"columns grid-columns-2\">\n\t\t\t\t\t\t\t\t\t<div class=\"column\">\n\t\t\t\t\t\t\n\t\t\t\t\t\t\n\t\t\t\t\t\t\t\t\t\t\t\t\t<div class=\"column-description\">\n\t\t\t\t\t\t\t\tKymenlaakson J\u00e4te Oy:n toiminnassa korostuu vastuullisuus ja yhteisty\u00f6 palveluiden kehitt\u00e4misess\u00e4. Johtaminen perustuu osakeyhti\u00f6lakiin, yhti\u00f6j\u00e4rjestykseen ja hallituksen hyv\u00e4ksymiin toimintaperiaatteisiin.\t\t\t\t\t\t\t<\/div>\n\t\t\t\t\t\t\n\t\t\t\t\t\t\t\t\t\t\t\t\t<div class=\"content content-wysiwyg\">\n\t\t\t\t\t\t\t\t<p>Yhti\u00f6n hallituksessa on kymmenen omistajakuntien nime\u00e4m\u00e4\u00e4 j\u00e4sent\u00e4, joilla on monipuoliset taustat ja erilaista osaamista. Kullakin hallituksen j\u00e4senell\u00e4 on nimetyt varaj\u00e4senet. Hallitus hyv\u00e4ksyy strategiset p\u00e4\u00e4m\u00e4\u00e4r\u00e4t ja valvoo niiden toteuttamista. Hallitus my\u00f6s p\u00e4\u00e4tt\u00e4\u00e4 muun muassa investoinneista ja henkil\u00f6st\u00f6n palkitsemista. Lis\u00e4ksi hallitus vastaa yhti\u00f6n riskienhallinnasta. Hallituksen ty\u00f6skentely\u00e4 rytmitt\u00e4\u00e4 vuosikello, johon merkit\u00e4\u00e4n osakeyhti\u00f6lain ja yhti\u00f6j\u00e4rjestyksen edellytt\u00e4mien p\u00e4\u00e4t\u00f6sten ajankohdat sek\u00e4 yhti\u00f6n liiketoiminnan kannalta vuosittain merkitt\u00e4vimpien toimenpiteiden valmistelu ja p\u00e4\u00e4t\u00f6ksenteko.<\/p>\n\t\t\t\t\t\t\t<\/div>\n\t\t\t\t\t\t\n\t\t\t\t\t\t\n\t\t\t\t\t\t\t\t\t\t\t<\/div>\n\t\t\t\t\t\t\t\t\t<div class=\"column\">\n\t\t\t\t\t\t\n\t\t\t\t\t\t\n\t\t\t\t\t\t\n\t\t\t\t\t\t\t\t\t\t\t\t\t<div class=\"content content-wysiwyg\">\n\t\t\t\t\t\t\t\t<p>Yhti\u00f6ll\u00e4 on hallituksen nime\u00e4m\u00e4 toimitusjohtaja, joka vastaa arkip\u00e4iv\u00e4n hallinnosta ja strategisten hankkeiden jalkauttamisesta yhdess\u00e4 johtoryhm\u00e4n kanssa. Johtoryhm\u00e4 vastaa my\u00f6s liiketoimintojen operatiivisesta toiminnasta ja konserniyhti\u00f6iden yhteisist\u00e4 teht\u00e4vist\u00e4 kuten talous- ja henkil\u00f6st\u00f6hallinnosta sek\u00e4 johtamisj\u00e4rjestelmist\u00e4.<\/p>\n<p>Vuonna 2024 johtoryhm\u00e4n kokoonpanoa uudistettiin: toimitusjohtajan lis\u00e4ksi siihen kuuluvat Kymenlaakson J\u00e4te Oy:n palvelujohtaja, Ekokaari Oy:n toimitusjohtaja, talous- ja henkil\u00f6st\u00f6johtaja ja vastuullisuusjohtaja. Viestint\u00e4- ja markkinointip\u00e4\u00e4llikk\u00f6 osallistuu kokouksiin ja huolehtii keskeisten p\u00e4\u00e4t\u00f6sten viestimisest\u00e4 henkil\u00f6st\u00f6lle. Toimintoja kehitet\u00e4\u00e4n rohkeasti eteenp\u00e4in vuoropuhelussa henkil\u00f6st\u00f6n kanssa. Henkil\u00f6st\u00f6 kokoontuu nelj\u00e4 kertaa vuodessa yhteisiin henkil\u00f6st\u00f6kokouksiin, joissa keskustellaan ajankohtaisista asioista ja tulevista tapahtumista.<\/p>\n\t\t\t\t\t\t\t<\/div>\n\t\t\t\t\t\t\n\t\t\t\t\t\t\n\t\t\t\t\t\t\t\t\t\t\t<\/div>\n\t\t\t\t\t\t\t<\/div>\n\t\t\n\t\t\t<\/div>\n<\/section>\n\n\n\n<section class=\"block block-columns theme-light\">\n\t<div class=\"container\">\n\t\t\n\t\t\t\t\t<div class=\"columns grid-columns-2\">\n\t\t\t\t\t\t\t\t\t<div class=\"column\">\n\t\t\t\t\t\t\n\t\t\t\t\t\t<h2 class=\"title h3\">Johtamisj\u00e4rjestelm\u00e4<\/h2>\n\t\t\t\t\t\t\n\t\t\t\t\t\t\t\t\t\t\t\t\t<div class=\"content content-wysiwyg\">\n\t\t\t\t\t\t\t\t<p>Konserni hy\u00f6dynt\u00e4\u00e4 toimintansa kehitt\u00e4misess\u00e4 sertifioituja johtamisj\u00e4rjestelmi\u00e4. K\u00e4yt\u00f6ss\u00e4 ovat ISO 14001:2015-standardin mukainen ymp\u00e4rist\u00f6j\u00e4rjestelm\u00e4 sek\u00e4 ISO 9001:2015-standardin mukainen laatuj\u00e4rjestelm\u00e4. Vuonna 2024 konserni sai lis\u00e4ksi ISO 45001:2018-standardin mukaisen sertifikaatin ty\u00f6terveys- ja ty\u00f6turvallisuusj\u00e4rjestelm\u00e4lleen.<\/p>\n<p>Turvallisen ty\u00f6skentelyn kehitt\u00e4misess\u00e4 sovelletaan nolla-ajattelua, ja toiminnan jatkuva parantaminen on keskeinen osa konsernin toimintakulttuuria.<\/p>\n\t\t\t\t\t\t\t<\/div>\n\t\t\t\t\t\t\n\t\t\t\t\t\t\n\t\t\t\t\t\t\t\t\t\t\t<\/div>\n\t\t\t\t\t\t\t\t\t<div class=\"column\">\n\t\t\t\t\t\t\n\t\t\t\t\t\t\n\t\t\t\t\t\t\n\t\t\t\t\t\t\t\t\t\t\t\t\t<div class=\"content content-wysiwyg\">\n\t\t\t\t\t\t\t\t<p>&nbsp;<\/p>\n<p><img loading=\"lazy\" decoding=\"async\" class=\"alignnone wp-image-185 size-large\" src=\"https:\/\/vuosikertomus.kymenlaaksonjate.fi\/2024\/wp-content\/uploads\/sites\/2\/2025\/02\/Kesakuu-ISO-sertifikaatit-1024x369.png\" alt=\"\" width=\"800\" height=\"288\" srcset=\"https:\/\/vuosikertomus.kymenlaaksonjate.fi\/2024\/wp-content\/uploads\/sites\/2\/2025\/02\/Kesakuu-ISO-sertifikaatit-1024x369.png 1024w, https:\/\/vuosikertomus.kymenlaaksonjate.fi\/2024\/wp-content\/uploads\/sites\/2\/2025\/02\/Kesakuu-ISO-sertifikaatit-300x108.png 300w, https:\/\/vuosikertomus.kymenlaaksonjate.fi\/2024\/wp-content\/uploads\/sites\/2\/2025\/02\/Kesakuu-ISO-sertifikaatit-768x277.png 768w, https:\/\/vuosikertomus.kymenlaaksonjate.fi\/2024\/wp-content\/uploads\/sites\/2\/2025\/02\/Kesakuu-ISO-sertifikaatit.png 1182w\" sizes=\"(max-width: 800px) 100vw, 800px\" \/><\/p>\n\t\t\t\t\t\t\t<\/div>\n\t\t\t\t\t\t\n\t\t\t\t\t\t\n\t\t\t\t\t\t\t\t\t\t\t<\/div>\n\t\t\t\t\t\t\t<\/div>\n\t\t\n\t\t\t<\/div>\n<\/section>\n\n\n\n<section class=\"block block-columns theme-white\">\n\t<div class=\"container\">\n\t\t\n\t\t\t\t\t<div class=\"columns grid-columns-2\">\n\t\t\t\t\t\t\t\t\t<div class=\"column\">\n\t\t\t\t\t\t\n\t\t\t\t\t\t<h2 class=\"title h3\">Toimintapolitiikka<\/h2>\n\t\t\t\t\t\t\t\t\t\t\t\t\t<div class=\"column-description\">\n\t\t\t\t\t\t\t\tKymenlaakson J\u00e4te -konsernin toimintapolitiikka perustuu yrityksen arvoihin, strategiaan ja p\u00e4\u00e4m\u00e4\u00e4riin.\r\n\r\nKymenlaakson J\u00e4te -konsernina huolehdimme alueemme asukkaiden ja muiden asiakkaidemme j\u00e4tehuollon asianmukaisesta toteuttamisesta. Olemme luotettava j\u00e4teyhti\u00f6 l\u00e4hell\u00e4 asukkaita ja asiakkaita. Tarjoamme kaikille asiakkaillemme vastuullisia ja kokonaisvaltaisia palveluja elinymp\u00e4rist\u00f6mme parhaaksi.\t\t\t\t\t\t\t<\/div>\n\t\t\t\t\t\t\n\t\t\t\t\t\t\t\t\t\t\t\t\t<div class=\"content content-wysiwyg\">\n\t\t\t\t\t\t\t\t<p>Pid\u00e4mme huolta palvelutarjonnan selkeydest\u00e4 ja hyv\u00e4st\u00e4 asiakas\u00adkokemuksesta. Kehit\u00e4mme palveluja ja uudistamme toimintamalleja kohti j\u00e4te- ja materiaalivirtojen kokonaisvaltaista hallintaa. Parannamme j\u00e4tteenk\u00e4sittelyn arvoketjuja suunnitelmallisesti. Vahvistamme toimialueemme elinvoimaa yhdess\u00e4 kumppaneidemme kanssa.<\/p>\n<p>Panostamme asiakaspalveluun, viestint\u00e4\u00e4n ja neuvontaan niin, ett\u00e4 asukkaille ja asiakkaillemme on tarjolla riitt\u00e4v\u00e4sti tietoa j\u00e4tehuollon palveluista ja j\u00e4tteiden ymp\u00e4rist\u00f6vaikutuksista. Viestint\u00e4mme on avointa ja ajantasaista.<\/p>\n<p>Henkil\u00f6st\u00f6n hyvinvointi, ty\u00f6- ja toimintakyvyn yll\u00e4pit\u00e4minen sek\u00e4 ty\u00f6\u00adturvallisuus ovat meille t\u00e4rkeit\u00e4. Tavoitteenamme on turvallinen ty\u00f6, ty\u00f6ymp\u00e4rist\u00f6 ja ty\u00f6yhteis\u00f6. Kehit\u00e4mme ja yll\u00e4pid\u00e4mme henkil\u00f6st\u00f6n amma\u00adtillista osaamista sek\u00e4 tietoisuutta ty\u00f6ns\u00e4 vaikutuksista ymp\u00e4rist\u00f6\u00f6n sek\u00e4 ty\u00f6h\u00f6n liittyvien turvallisuus- ja terveysvaarojen sek\u00e4 -haittojen ehk\u00e4isyyn.<\/p>\n\t\t\t\t\t\t\t<\/div>\n\t\t\t\t\t\t\n\t\t\t\t\t\t\n\t\t\t\t\t\t\t\t\t\t\t<\/div>\n\t\t\t\t\t\t\t\t\t<div class=\"column\">\n\t\t\t\t\t\t\n\t\t\t\t\t\t\n\t\t\t\t\t\t\n\t\t\t\t\t\t\t\t\t\t\t\t\t<div class=\"content content-wysiwyg\">\n\t\t\t\t\t\t\t\t<p>&nbsp;<\/p>\n<p>Kest\u00e4vyyden ja vastuullisuuden kaikki n\u00e4k\u00f6kulmat ovat sis\u00e4\u00e4nrakennettuna toimintaamme, panostamme ymp\u00e4rist\u00f6n\u00e4k\u00f6kulmien lis\u00e4ksi yhteiskunnallisiin, sosiaalisiin ja taloudellisiin n\u00e4k\u00f6kulmiin. Haluamme edist\u00e4\u00e4 kierr\u00e4tyst\u00e4 ja kiertotaloutta sek\u00e4 hillit\u00e4 ilmastonmuutosta k\u00e4yt\u00f6ss\u00e4mme olevin keinoin. Sitoudumme toiminnastamme syntyvien haitallisten ymp\u00e4rist\u00f6vaikutusten jatkuvaan v\u00e4hent\u00e4miseen. Noudatamme ja seuraamme lains\u00e4\u00e4d\u00e4nt\u00f6\u00e4 sek\u00e4 viranomaisten vaatimuksia ja toimimme meille my\u00f6nnettyjen lupien mukaisesti. Olemme p\u00e4\u00e4m\u00e4\u00e4r\u00e4tietoisia ja seuraamme s\u00e4\u00e4nn\u00f6llisesti tavoitteidemme toteutumista. Tavoitteiden saavuttamiseksi ja sitovien velvoitteiden t\u00e4ytt\u00e4miseksi konsernissamme noudatetaan ISO 9001, ISO 14001 ja ISO 45001 -standardien mukaista laatu-, ymp\u00e4rist\u00f6-, ty\u00f6terveys- ja ty\u00f6turvallisuusj\u00e4rjestelm\u00e4\u00e4.<\/p>\n<p>Konsernin johto ja henkil\u00f6kunta sitoutuvat t\u00e4h\u00e4n toimintapolitiikkaan ja toiminnan jatkuvaan parantamiseen.<\/p>\n<p><em>Hyv\u00e4ksytty Kymenlaakson J\u00e4te Oy:n hallituksen kokouksessa 18.12.2024<\/em><\/p>\n<p>&nbsp;<\/p>\n<p><img loading=\"lazy\" decoding=\"async\" class=\"aligncenter wp-image-857 size-thumbnail\" src=\"https:\/\/vuosikertomus.kymenlaaksonjate.fi\/2024\/wp-content\/uploads\/sites\/2\/2025\/04\/favicon-150x150.png\" alt=\"\" width=\"150\" height=\"150\" srcset=\"https:\/\/vuosikertomus.kymenlaaksonjate.fi\/2024\/wp-content\/uploads\/sites\/2\/2025\/04\/favicon-150x150.png 150w, https:\/\/vuosikertomus.kymenlaaksonjate.fi\/2024\/wp-content\/uploads\/sites\/2\/2025\/04\/favicon-300x300.png 300w, https:\/\/vuosikertomus.kymenlaaksonjate.fi\/2024\/wp-content\/uploads\/sites\/2\/2025\/04\/favicon.png 512w\" sizes=\"(max-width: 150px) 100vw, 150px\" \/><\/p>\n\t\t\t\t\t\t\t<\/div>\n\t\t\t\t\t\t\n\t\t\t\t\t\t\n\t\t\t\t\t\t\t\t\t\t\t<\/div>\n\t\t\t\t\t\t\t<\/div>\n\t\t\n\t\t\t<\/div>\n<\/section>\n\n\n\n<section class=\"block block-banner layout-full theme-accent has-media\">\n\t\t<div class=\"part-block-media image-container media-container has-overlay\">\n\t\t<div class=\"media-wrap\">\n\t\t\t<img loading=\"lazy\" decoding=\"async\" width=\"1920\" height=\"1080\" src=\"https:\/\/vuosikertomus.kymenlaaksonjate.fi\/2024\/wp-content\/uploads\/sites\/2\/2025\/02\/Jateauto_Parkkinen3-1920x1080.jpg\" class=\"img\" alt=\"\" srcset=\"https:\/\/vuosikertomus.kymenlaaksonjate.fi\/2024\/wp-content\/uploads\/sites\/2\/2025\/02\/Jateauto_Parkkinen3-1920x1080.jpg 1920w, https:\/\/vuosikertomus.kymenlaaksonjate.fi\/2024\/wp-content\/uploads\/sites\/2\/2025\/02\/Jateauto_Parkkinen3-300x169.jpg 300w, https:\/\/vuosikertomus.kymenlaaksonjate.fi\/2024\/wp-content\/uploads\/sites\/2\/2025\/02\/Jateauto_Parkkinen3-1024x576.jpg 1024w, https:\/\/vuosikertomus.kymenlaaksonjate.fi\/2024\/wp-content\/uploads\/sites\/2\/2025\/02\/Jateauto_Parkkinen3-768x432.jpg 768w, https:\/\/vuosikertomus.kymenlaaksonjate.fi\/2024\/wp-content\/uploads\/sites\/2\/2025\/02\/Jateauto_Parkkinen3-1536x864.jpg 1536w, https:\/\/vuosikertomus.kymenlaaksonjate.fi\/2024\/wp-content\/uploads\/sites\/2\/2025\/02\/Jateauto_Parkkinen3-1440x810.jpg 1440w, https:\/\/vuosikertomus.kymenlaaksonjate.fi\/2024\/wp-content\/uploads\/sites\/2\/2025\/02\/Jateauto_Parkkinen3-576x324.jpg 576w\" sizes=\"(max-width: 1920px) 100vw, 1920px\" \/>\t\t<\/div>\n\t<\/div>\n\t\n\t<div class=\"container\">\n\t\t\n\t\t<div class=\"content\">\n\t\t\t\t\t\t\t<p class=\"small-title\">Liiketoiminta<\/p>\n\t\t\t\n\t\t\t<h2 class=\"title h1\">Tehokkaampaa bioj\u00e4teker\u00e4yst\u00e4 ja investointeja toimipisteisiin<\/h2>\n\t\t\t\t\t\t\t<div class=\"content-wysiwyg\">\n\t\t\t\t\t<p>Vuonna 2024 keskityimme kotitalouksien bioj\u00e4teker\u00e4yksen tehostamiseen sek\u00e4 Pertunmaan j\u00e4te- ja lietekuljetusten valmisteluun. Lis\u00e4ksi tyt\u00e4ryhti\u00f6mme Ekokaari Oy uudisti Keltakankaan lajittelulaitosta ja avasi uuden toimipisteen Lappeenrannassa.<\/p>\n\t\t\t\t<\/div>\n\t\t\t\t\n\t<ul class=\"buttons\">\n\t\t\t\t\t<li class=\"button-item\">\n\t\t\t\t<a href=\"https:\/\/vuosikertomus.kymenlaaksonjate.fi\/2024\/liiketoiminta\/\" class=\"button \" target=\"_self\">Tutustu toimintaamme vuonna 2024<span class=\"icon fa-light fa-arrow-right\" aria-hidden=\"true\"><\/span><\/a>\t\t\t<\/li>\n\t\t\t<\/ul>\n\t\t\t<\/div>\n\t\t\t<\/div>\n<\/section>\n","protected":false},"excerpt":{"rendered":"","protected":false},"author":3,"featured_media":0,"parent":7,"menu_order":0,"comment_status":"closed","ping_status":"closed","template":"","meta":{"_acf_changed":false,"footnotes":""},"class_list":["post-328","page","type-page","status-publish","hentry"],"acf":[],"yoast_head":"<!-- This site is optimized with the Yoast SEO plugin v27.4 - https:\/\/yoast.com\/product\/yoast-seo-wordpress\/ -->\n<title>Johtaminen - Kymenlaakson J\u00e4te vuosikertomus 2024<\/title>\n<meta name=\"robots\" content=\"index, follow, max-snippet:-1, max-image-preview:large, max-video-preview:-1\" \/>\n<link rel=\"canonical\" href=\"https:\/\/vuosikertomus.kymenlaaksonjate.fi\/2024\/konserni\/johtaminen\/\" \/>\n<meta property=\"og:locale\" content=\"fi_FI\" \/>\n<meta property=\"og:type\" content=\"article\" \/>\n<meta property=\"og:title\" content=\"Johtaminen - Kymenlaakson J\u00e4te vuosikertomus 2024\" \/>\n<meta property=\"og:url\" content=\"https:\/\/vuosikertomus.kymenlaaksonjate.fi\/2024\/konserni\/johtaminen\/\" \/>\n<meta property=\"og:site_name\" content=\"Kymenlaakson J\u00e4te vuosikertomus 2024\" \/>\n<meta property=\"article:modified_time\" content=\"2025-05-06T15:59:34+00:00\" \/>\n<meta name=\"twitter:card\" content=\"summary_large_image\" \/>\n<script type=\"application\/ld+json\" class=\"yoast-schema-graph\">{\"@context\":\"https:\\\/\\\/schema.org\",\"@graph\":[{\"@type\":\"WebPage\",\"@id\":\"https:\\\/\\\/vuosikertomus.kymenlaaksonjate.fi\\\/2024\\\/konserni\\\/johtaminen\\\/\",\"url\":\"https:\\\/\\\/vuosikertomus.kymenlaaksonjate.fi\\\/2024\\\/konserni\\\/johtaminen\\\/\",\"name\":\"Johtaminen - Kymenlaakson J\u00e4te vuosikertomus 2024\",\"isPartOf\":{\"@id\":\"https:\\\/\\\/vuosikertomus.kymenlaaksonjate.fi\\\/2024\\\/#website\"},\"datePublished\":\"2025-02-25T13:17:22+00:00\",\"dateModified\":\"2025-05-06T15:59:34+00:00\",\"breadcrumb\":{\"@id\":\"https:\\\/\\\/vuosikertomus.kymenlaaksonjate.fi\\\/2024\\\/konserni\\\/johtaminen\\\/#breadcrumb\"},\"inLanguage\":\"fi\",\"potentialAction\":[{\"@type\":\"ReadAction\",\"target\":[\"https:\\\/\\\/vuosikertomus.kymenlaaksonjate.fi\\\/2024\\\/konserni\\\/johtaminen\\\/\"]}]},{\"@type\":\"BreadcrumbList\",\"@id\":\"https:\\\/\\\/vuosikertomus.kymenlaaksonjate.fi\\\/2024\\\/konserni\\\/johtaminen\\\/#breadcrumb\",\"itemListElement\":[{\"@type\":\"ListItem\",\"position\":1,\"name\":\"Home\",\"item\":\"https:\\\/\\\/vuosikertomus.kymenlaaksonjate.fi\\\/2024\\\/\"},{\"@type\":\"ListItem\",\"position\":2,\"name\":\"Konserni\",\"item\":\"https:\\\/\\\/vuosikertomus.kymenlaaksonjate.fi\\\/2024\\\/konserni\\\/\"},{\"@type\":\"ListItem\",\"position\":3,\"name\":\"Johtaminen\"}]},{\"@type\":\"WebSite\",\"@id\":\"https:\\\/\\\/vuosikertomus.kymenlaaksonjate.fi\\\/2024\\\/#website\",\"url\":\"https:\\\/\\\/vuosikertomus.kymenlaaksonjate.fi\\\/2024\\\/\",\"name\":\"Kymenlaakson J\u00e4te vuosikertomus 2024\",\"description\":\"\",\"potentialAction\":[{\"@type\":\"SearchAction\",\"target\":{\"@type\":\"EntryPoint\",\"urlTemplate\":\"https:\\\/\\\/vuosikertomus.kymenlaaksonjate.fi\\\/2024\\\/?s={search_term_string}\"},\"query-input\":{\"@type\":\"PropertyValueSpecification\",\"valueRequired\":true,\"valueName\":\"search_term_string\"}}],\"inLanguage\":\"fi\"}]}<\/script>\n<!-- \/ Yoast SEO plugin. -->","yoast_head_json":{"title":"Johtaminen - Kymenlaakson J\u00e4te vuosikertomus 2024","robots":{"index":"index","follow":"follow","max-snippet":"max-snippet:-1","max-image-preview":"max-image-preview:large","max-video-preview":"max-video-preview:-1"},"canonical":"https:\/\/vuosikertomus.kymenlaaksonjate.fi\/2024\/konserni\/johtaminen\/","og_locale":"fi_FI","og_type":"article","og_title":"Johtaminen - Kymenlaakson J\u00e4te vuosikertomus 2024","og_url":"https:\/\/vuosikertomus.kymenlaaksonjate.fi\/2024\/konserni\/johtaminen\/","og_site_name":"Kymenlaakson J\u00e4te vuosikertomus 2024","article_modified_time":"2025-05-06T15:59:34+00:00","twitter_card":"summary_large_image","schema":{"@context":"https:\/\/schema.org","@graph":[{"@type":"WebPage","@id":"https:\/\/vuosikertomus.kymenlaaksonjate.fi\/2024\/konserni\/johtaminen\/","url":"https:\/\/vuosikertomus.kymenlaaksonjate.fi\/2024\/konserni\/johtaminen\/","name":"Johtaminen - Kymenlaakson J\u00e4te vuosikertomus 2024","isPartOf":{"@id":"https:\/\/vuosikertomus.kymenlaaksonjate.fi\/2024\/#website"},"datePublished":"2025-02-25T13:17:22+00:00","dateModified":"2025-05-06T15:59:34+00:00","breadcrumb":{"@id":"https:\/\/vuosikertomus.kymenlaaksonjate.fi\/2024\/konserni\/johtaminen\/#breadcrumb"},"inLanguage":"fi","potentialAction":[{"@type":"ReadAction","target":["https:\/\/vuosikertomus.kymenlaaksonjate.fi\/2024\/konserni\/johtaminen\/"]}]},{"@type":"BreadcrumbList","@id":"https:\/\/vuosikertomus.kymenlaaksonjate.fi\/2024\/konserni\/johtaminen\/#breadcrumb","itemListElement":[{"@type":"ListItem","position":1,"name":"Home","item":"https:\/\/vuosikertomus.kymenlaaksonjate.fi\/2024\/"},{"@type":"ListItem","position":2,"name":"Konserni","item":"https:\/\/vuosikertomus.kymenlaaksonjate.fi\/2024\/konserni\/"},{"@type":"ListItem","position":3,"name":"Johtaminen"}]},{"@type":"WebSite","@id":"https:\/\/vuosikertomus.kymenlaaksonjate.fi\/2024\/#website","url":"https:\/\/vuosikertomus.kymenlaaksonjate.fi\/2024\/","name":"Kymenlaakson J\u00e4te vuosikertomus 2024","description":"","potentialAction":[{"@type":"SearchAction","target":{"@type":"EntryPoint","urlTemplate":"https:\/\/vuosikertomus.kymenlaaksonjate.fi\/2024\/?s={search_term_string}"},"query-input":{"@type":"PropertyValueSpecification","valueRequired":true,"valueName":"search_term_string"}}],"inLanguage":"fi"}]}},"_links":{"self":[{"href":"https:\/\/vuosikertomus.kymenlaaksonjate.fi\/2024\/wp-json\/wp\/v2\/pages\/328","targetHints":{"allow":["GET"]}}],"collection":[{"href":"https:\/\/vuosikertomus.kymenlaaksonjate.fi\/2024\/wp-json\/wp\/v2\/pages"}],"about":[{"href":"https:\/\/vuosikertomus.kymenlaaksonjate.fi\/2024\/wp-json\/wp\/v2\/types\/page"}],"author":[{"embeddable":true,"href":"https:\/\/vuosikertomus.kymenlaaksonjate.fi\/2024\/wp-json\/wp\/v2\/users\/3"}],"replies":[{"embeddable":true,"href":"https:\/\/vuosikertomus.kymenlaaksonjate.fi\/2024\/wp-json\/wp\/v2\/comments?post=328"}],"version-history":[{"count":32,"href":"https:\/\/vuosikertomus.kymenlaaksonjate.fi\/2024\/wp-json\/wp\/v2\/pages\/328\/revisions"}],"predecessor-version":[{"id":1528,"href":"https:\/\/vuosikertomus.kymenlaaksonjate.fi\/2024\/wp-json\/wp\/v2\/pages\/328\/revisions\/1528"}],"up":[{"embeddable":true,"href":"https:\/\/vuosikertomus.kymenlaaksonjate.fi\/2024\/wp-json\/wp\/v2\/pages\/7"}],"wp:attachment":[{"href":"https:\/\/vuosikertomus.kymenlaaksonjate.fi\/2024\/wp-json\/wp\/v2\/media?parent=328"}],"curies":[{"name":"wp","href":"https:\/\/api.w.org\/{rel}","templated":true}]}}